{"id":247,"date":"2019-03-13T16:06:20","date_gmt":"2019-03-13T15:06:20","guid":{"rendered":"https:\/\/iceisfood.pl\/?page_id=247"},"modified":"2025-05-07T16:39:51","modified_gmt":"2025-05-07T14:39:51","slug":"kontakt","status":"publish","type":"page","link":"https:\/\/iceisfood.pl\/en\/kontakt\/","title":{"rendered":"CONTACT"},"content":{"rendered":"<div data-elementor-type=\"wp-post\" data-elementor-id=\"247\" class=\"elementor elementor-247\" data-elementor-post-type=\"page\">\n\t\t\t\t\t\t<section class=\"elementor-section elementor-top-section elementor-element elementor-element-db59fc5 elementor-section-full_width elementor-section-stretched elementor-section-height-default elementor-section-height-default\" data-id=\"db59fc5\" data-element_type=\"section\" data-settings=\"{&quot;background_background&quot;:&quot;classic&quot;,&quot;stretch_section&quot;:&quot;section-stretched&quot;}\">\n\t\t\t\t\t\t<div class=\"elementor-container elementor-column-gap-default\">\n\t\t\t\t\t<div class=\"elementor-column elementor-col-100 elementor-top-column elementor-element elementor-element-e40057c\" data-id=\"e40057c\" data-element_type=\"column\">\n\t\t\t<div class=\"elementor-widget-wrap elementor-element-populated\">\n\t\t\t\t\t\t<div class=\"elementor-element elementor-element-676b689 elementor-widget elementor-widget-spacer\" data-id=\"676b689\" data-element_type=\"widget\" data-widget_type=\"spacer.default\">\n\t\t\t\t\t\t\t<div class=\"elementor-spacer\">\n\t\t\t<div class=\"elementor-spacer-inner\"><\/div>\n\t\t<\/div>\n\t\t\t\t\t\t<\/div>\n\t\t\t\t\t<\/div>\n\t\t<\/div>\n\t\t\t\t\t<\/div>\n\t\t<\/section>\n\t\t\t\t<section class=\"elementor-section elementor-top-section elementor-element elementor-element-a9cefa9 elementor-section-boxed elementor-section-height-default elementor-section-height-default\" data-id=\"a9cefa9\" data-element_type=\"section\" data-settings=\"{&quot;background_background&quot;:&quot;classic&quot;}\">\n\t\t\t\t\t\t<div class=\"elementor-container elementor-column-gap-default\">\n\t\t\t\t\t<div class=\"elementor-column elementor-col-50 elementor-top-column elementor-element elementor-element-a67ad76\" data-id=\"a67ad76\" data-element_type=\"column\">\n\t\t\t<div class=\"elementor-widget-wrap elementor-element-populated\">\n\t\t\t\t\t\t<div class=\"elementor-element elementor-element-9a93689 elementor-widget elementor-widget-heading\" data-id=\"9a93689\" data-element_type=\"widget\" data-widget_type=\"heading.default\">\n\t\t\t\t\t<h3 class=\"elementor-heading-title elementor-size-default\">CONTACT<\/h3>\t\t\t\t<\/div>\n\t\t\t\t<div class=\"elementor-element elementor-element-1d8abe4 elementor-widget elementor-widget-text-editor\" data-id=\"1d8abe4\" data-element_type=\"widget\" data-widget_type=\"text-editor.default\">\n\t\t\t\t\t\t\t\t\t<p>Feel free to contact us<\/p>\t\t\t\t\t\t\t\t<\/div>\n\t\t\t\t<div class=\"elementor-element elementor-element-5ce542d elementor-widget elementor-widget-heading\" data-id=\"5ce542d\" data-element_type=\"widget\" data-widget_type=\"heading.default\">\n\t\t\t\t\t<p class=\"elementor-heading-title elementor-size-default\">Pure Ice Sp. z o.o.<\/p>\t\t\t\t<\/div>\n\t\t\t\t<div class=\"elementor-element elementor-element-82f9c62 elementor-widget elementor-widget-heading\" data-id=\"82f9c62\" data-element_type=\"widget\" data-widget_type=\"heading.default\">\n\t\t\t\t\t<p class=\"elementor-heading-title elementor-size-small\">Moszna Parcela 29, Hala C4A<br>\n05-840 Brwin\u00f3w<br>\nPoland<br>\nNIP 522 300 57 58<\/p>\t\t\t\t<\/div>\n\t\t\t\t<div class=\"elementor-element elementor-element-32a9179 elementor-invisible elementor-widget elementor-widget-image\" data-id=\"32a9179\" data-element_type=\"widget\" data-settings=\"{&quot;_animation&quot;:&quot;fadeInUp&quot;}\" data-widget_type=\"image.default\">\n\t\t\t\t\t\t\t\t\t\t\t\t\t\t\t<img fetchpriority=\"high\" decoding=\"async\" width=\"1080\" height=\"720\" src=\"https:\/\/iceisfood.pl\/wp-content\/uploads\/2024\/10\/dron-zaklad.webp\" class=\"attachment-full size-full wp-image-3474\" alt=\"\" srcset=\"https:\/\/iceisfood.pl\/wp-content\/uploads\/2024\/10\/dron-zaklad.webp 1080w, https:\/\/iceisfood.pl\/wp-content\/uploads\/2024\/10\/dron-zaklad-300x200.webp 300w, https:\/\/iceisfood.pl\/wp-content\/uploads\/2024\/10\/dron-zaklad-1024x683.webp 1024w, https:\/\/iceisfood.pl\/wp-content\/uploads\/2024\/10\/dron-zaklad-768x512.webp 768w\" sizes=\"(max-width: 1080px) 100vw, 1080px\" \/>\t\t\t\t\t\t\t\t\t\t\t\t\t\t\t<\/div>\n\t\t\t\t<div class=\"elementor-element elementor-element-a89f2af elementor-invisible elementor-widget elementor-widget-image\" data-id=\"a89f2af\" data-element_type=\"widget\" data-settings=\"{&quot;_animation&quot;:&quot;fadeInUp&quot;}\" data-widget_type=\"image.default\">\n\t\t\t\t\t\t\t\t\t\t\t\t\t\t\t\t<a href=\"https:\/\/iceisfood.pl\/wp-content\/uploads\/2024\/10\/pure-ice-mapa-2560x1715.png.webp\" data-elementor-open-lightbox=\"yes\" data-elementor-lightbox-title=\"MAPA\" data-e-action-hash=\"#elementor-action%3Aaction%3Dlightbox%26settings%3DeyJpZCI6MzQwOSwidXJsIjoiaHR0cHM6XC9cL2ljZWlzZm9vZC5wbFwvd3AtY29udGVudFwvdXBsb2Fkc1wvMjAyNFwvMTBcL3B1cmUtaWNlLW1hcGEtMjU2MHgxNzE1LnBuZy53ZWJwIn0%3D\">\n\t\t\t\t\t\t\t<img decoding=\"async\" width=\"2560\" height=\"1715\" src=\"https:\/\/iceisfood.pl\/wp-content\/uploads\/2024\/10\/pure-ice-mapa-2560x1715.png.webp\" class=\"attachment-full size-full wp-image-3409\" alt=\"\" srcset=\"https:\/\/iceisfood.pl\/wp-content\/uploads\/2024\/10\/pure-ice-mapa-2560x1715.png.webp 2560w, https:\/\/iceisfood.pl\/wp-content\/uploads\/2024\/10\/pure-ice-mapa-2560x1715.png-300x201.webp 300w, https:\/\/iceisfood.pl\/wp-content\/uploads\/2024\/10\/pure-ice-mapa-2560x1715.png-1024x686.webp 1024w, https:\/\/iceisfood.pl\/wp-content\/uploads\/2024\/10\/pure-ice-mapa-2560x1715.png-768x515.webp 768w, https:\/\/iceisfood.pl\/wp-content\/uploads\/2024\/10\/pure-ice-mapa-2560x1715.png-1536x1029.webp 1536w, https:\/\/iceisfood.pl\/wp-content\/uploads\/2024\/10\/pure-ice-mapa-2560x1715.png-2048x1372.webp 2048w\" sizes=\"(max-width: 2560px) 100vw, 2560px\" \/>\t\t\t\t\t\t\t\t<\/a>\n\t\t\t\t\t\t\t\t\t\t\t\t\t\t\t<\/div>\n\t\t\t\t\t<\/div>\n\t\t<\/div>\n\t\t\t\t<div class=\"elementor-column elementor-col-50 elementor-top-column elementor-element elementor-element-316c53a\" data-id=\"316c53a\" data-element_type=\"column\">\n\t\t\t<div class=\"elementor-widget-wrap elementor-element-populated\">\n\t\t\t\t\t\t<div class=\"elementor-element elementor-element-285e6a6 elementor-widget elementor-widget-image\" data-id=\"285e6a6\" data-element_type=\"widget\" data-widget_type=\"image.default\">\n\t\t\t\t\t\t\t\t\t\t\t\t\t\t\t<img decoding=\"async\" width=\"310\" height=\"128\" src=\"https:\/\/iceisfood.pl\/wp-content\/uploads\/2024\/10\/Zasob-2.webp\" class=\"attachment-large size-large wp-image-2369\" alt=\"\" srcset=\"https:\/\/iceisfood.pl\/wp-content\/uploads\/2024\/10\/Zasob-2.webp 310w, https:\/\/iceisfood.pl\/wp-content\/uploads\/2024\/10\/Zasob-2-300x124.webp 300w\" sizes=\"(max-width: 310px) 100vw, 310px\" \/>\t\t\t\t\t\t\t\t\t\t\t\t\t\t\t<\/div>\n\t\t\t\t<section class=\"elementor-section elementor-inner-section elementor-element elementor-element-205e6d7 elementor-section-boxed elementor-section-height-default elementor-section-height-default\" data-id=\"205e6d7\" data-element_type=\"section\">\n\t\t\t\t\t\t<div class=\"elementor-container elementor-column-gap-default\">\n\t\t\t\t\t<div class=\"elementor-column elementor-col-100 elementor-inner-column elementor-element elementor-element-fe9dd9d\" data-id=\"fe9dd9d\" data-element_type=\"column\" data-settings=\"{&quot;background_background&quot;:&quot;classic&quot;}\">\n\t\t\t<div class=\"elementor-widget-wrap elementor-element-populated\">\n\t\t\t\t\t\t<div class=\"elementor-element elementor-element-794b36f elementor-button-align-start animated-slow elementor-widget elementor-widget-form\" data-id=\"794b36f\" data-element_type=\"widget\" data-settings=\"{&quot;_animation&quot;:&quot;none&quot;,&quot;_animation_delay&quot;:1200,&quot;step_next_label&quot;:&quot;Nast\\u0119pny&quot;,&quot;step_previous_label&quot;:&quot;Poprzedni&quot;,&quot;button_width&quot;:&quot;100&quot;,&quot;step_type&quot;:&quot;number_text&quot;,&quot;step_icon_shape&quot;:&quot;circle&quot;}\" data-widget_type=\"form.default\">\n\t\t\t\t<div class=\"elementor-widget-container\">\n\t\t\t\t\t\t\t<form class=\"elementor-form\" method=\"post\" name=\"New Form\" action=\"\">\n\t\t\t<input type=\"hidden\" name=\"post_id\" value=\"247\"\/>\n\t\t\t<input type=\"hidden\" name=\"form_id\" value=\"794b36f\"\/>\n\t\t\t<input type=\"hidden\" name=\"referer_title\" value=\"KONTAKT\" \/>\n\n\t\t\t\t\t\t\t<input type=\"hidden\" name=\"queried_id\" value=\"247\"\/>\n\t\t\t\n\t\t\t<div class=\"elementor-form-fields-wrapper elementor-labels-\">\n\t\t\t\t\t\t\t\t<div class=\"elementor-field-type-text elementor-field-group elementor-column elementor-field-group-name elementor-col-100\">\n\t\t\t\t\t\t\t\t\t\t\t\t<label for=\"form-field-name\" class=\"elementor-field-label elementor-screen-only\">\n\t\t\t\t\t\t\t\tCompany\t\t\t\t\t\t\t<\/label>\n\t\t\t\t\t\t\t\t\t\t\t\t\t\t<input size=\"1\" type=\"text\" name=\"form_fields[name]\" id=\"form-field-name\" class=\"elementor-field elementor-size-sm  elementor-field-textual\" placeholder=\"Company\">\n\t\t\t\t\t\t\t\t\t\t\t<\/div>\n\t\t\t\t\t\t\t\t<div class=\"elementor-field-type-email elementor-field-group elementor-column elementor-field-group-email elementor-col-100 elementor-field-required\">\n\t\t\t\t\t\t\t\t\t\t\t\t<label for=\"form-field-email\" class=\"elementor-field-label elementor-screen-only\">\n\t\t\t\t\t\t\t\tE-mail\t\t\t\t\t\t\t<\/label>\n\t\t\t\t\t\t\t\t\t\t\t\t\t\t<input size=\"1\" type=\"email\" name=\"form_fields[email]\" id=\"form-field-email\" class=\"elementor-field elementor-size-sm  elementor-field-textual\" placeholder=\"E-mail\" required=\"required\" aria-required=\"true\">\n\t\t\t\t\t\t\t\t\t\t\t<\/div>\n\t\t\t\t\t\t\t\t<div class=\"elementor-field-type-textarea elementor-field-group elementor-column elementor-field-group-message elementor-col-100\">\n\t\t\t\t\t\t\t\t\t\t\t\t<label for=\"form-field-message\" class=\"elementor-field-label elementor-screen-only\">\n\t\t\t\t\t\t\t\tMessage Send\t\t\t\t\t\t\t<\/label>\n\t\t\t\t\t\t<textarea class=\"elementor-field-textual elementor-field  elementor-size-sm\" name=\"form_fields[message]\" id=\"form-field-message\" rows=\"4\" placeholder=\"Message Send\"><\/textarea>\t\t\t\t<\/div>\n\t\t\t\t\t\t\t\t<div class=\"elementor-field-group elementor-column elementor-field-type-submit elementor-col-100 e-form__buttons\">\n\t\t\t\t\t<button class=\"elementor-button elementor-size-sm elementor-animation-grow\" type=\"submit\">\n\t\t\t\t\t\t<span class=\"elementor-button-content-wrapper\">\n\t\t\t\t\t\t\t\t\t\t\t\t\t\t\t\t\t\t\t\t\t\t<span class=\"elementor-button-text\">send<\/span>\n\t\t\t\t\t\t\t\t\t\t\t\t\t<\/span>\n\t\t\t\t\t<\/button>\n\t\t\t\t<\/div>\n\t\t\t<\/div>\n\t\t<label class=\"apbct_special_field\" id=\"apbct_label_id99225\" for=\"apbct__email_id__elementor_form_99225\">99225<\/label><input\n            id=\"apbct__email_id__elementor_form_99225\"\n            class=\"apbct_special_field apbct__email_id__elementor_form\"\n            name=\"apbct__email_id__elementor_form_99225\"\n            type=\"text\" size=\"30\" maxlength=\"200\" autocomplete=\"off\"\n            value=\"99225\" apbct_event_id=\"99225\"\n            \/><input id=\"apbct_event_id_elementor_form_99225\"\n                class=\"apbct_special_field\" name=\"apbct_event_id\" type=\"hidden\" value=\"99225\" \/><input type=\"hidden\" name=\"trp-form-language\" value=\"en\"\/><\/form>\n\t\t\t\t\t\t<\/div>\n\t\t\t\t<\/div>\n\t\t\t\t<div class=\"elementor-element elementor-element-36ebbb4 elementor-widget elementor-widget-text-editor\" data-id=\"36ebbb4\" data-element_type=\"widget\" data-widget_type=\"text-editor.default\">\n\t\t\t\t\t\t\t\t\t<p>I consent to the processing of personal data in accordance with the Personal Data Protection Act in connection with the sending of an enquiry via the contact form.<\/p><p>Providing data is voluntary, but necessary to process the query. I have been informed that I have the right to access my data, the possibility of correcting it, and requesting that its processing be discontinued.<\/p><p>The administrator of personal data is Pure Ice sp. z o.o. with its registered office at Moszna Parcela 29, Hala C4A, 05-840 Brwin\u00f3w, registered in the National Court Register kept by the District Court for the Capital City of Warszawa in Warszawa, 13th Business Division of the National Court Register under KRS [National Court Register] No. 0000460280, REGON [National Official Business Register] No. 146655127, NIP [VAT] No. 5223005758, e-mail address: biuro@pure-ice.pl (hereinafter referred to as \"Pure Ice\").<\/p><p>Please read in full the <a href=\"https:\/\/iceisfood.pl\/en\/polityka-prywatnosci\/\">privacy policy<\/a> and data protection.<\/p>\t\t\t\t\t\t\t\t<\/div>\n\t\t\t\t\t<\/div>\n\t\t<\/div>\n\t\t\t\t\t<\/div>\n\t\t<\/section>\n\t\t\t\t\t<\/div>\n\t\t<\/div>\n\t\t\t\t\t<\/div>\n\t\t<\/section>\n\t\t\t\t<\/div>","protected":false},"excerpt":{"rendered":"<p>KONTAKT Zapraszamy do kontaktu Pure Ice Sp. z o.o. Moszna Parcela 29, Hala C4A 05-840 Brwin\u00f3w Polska NIP 522 300 57 58 Wyra\u017cam zgod\u0119 na przetwarzanie danych osobowych zgodnie z ustaw\u0105 o ochronie danych osobowych w zwi\u0105zku z wys\u0142aniem zapytania przez formularz kontaktowy. Podanie danych jest dobrowolne, ale niezb\u0119dne do przetworzenia zapytania. Zosta\u0142em poinformowany, \u017ce [&hellip;]<\/p>","protected":false},"author":1,"featured_media":0,"parent":0,"menu_order":0,"comment_status":"closed","ping_status":"closed","template":"","meta":{"inline_featured_image":false,"footnotes":""},"class_list":["post-247","page","type-page","status-publish","hentry"],"_links":{"self":[{"href":"https:\/\/iceisfood.pl\/en\/wp-json\/wp\/v2\/pages\/247","targetHints":{"allow":["GET"]}}],"collection":[{"href":"https:\/\/iceisfood.pl\/en\/wp-json\/wp\/v2\/pages"}],"about":[{"href":"https:\/\/iceisfood.pl\/en\/wp-json\/wp\/v2\/types\/page"}],"author":[{"embeddable":true,"href":"https:\/\/iceisfood.pl\/en\/wp-json\/wp\/v2\/users\/1"}],"replies":[{"embeddable":true,"href":"https:\/\/iceisfood.pl\/en\/wp-json\/wp\/v2\/comments?post=247"}],"version-history":[{"count":115,"href":"https:\/\/iceisfood.pl\/en\/wp-json\/wp\/v2\/pages\/247\/revisions"}],"predecessor-version":[{"id":3830,"href":"https:\/\/iceisfood.pl\/en\/wp-json\/wp\/v2\/pages\/247\/revisions\/3830"}],"wp:attachment":[{"href":"https:\/\/iceisfood.pl\/en\/wp-json\/wp\/v2\/media?parent=247"}],"curies":[{"name":"wp","href":"https:\/\/api.w.org\/{rel}","templated":true}]}}